{"id":14,"date":"2026-04-24T15:33:10","date_gmt":"2026-04-24T15:33:10","guid":{"rendered":"https:\/\/construccionesammar.rkinformatika.online\/?page_id=14"},"modified":"2026-04-27T12:38:35","modified_gmt":"2026-04-27T12:38:35","slug":"servicios","status":"publish","type":"page","link":"https:\/\/construccionesammar.com\/eu\/servicios\/","title":{"rendered":"Zerbitzuak"},"content":{"rendered":"<div data-elementor-type=\"wp-page\" data-elementor-id=\"14\" class=\"elementor elementor-14\" data-elementor-post-type=\"page\">\n\t\t\t\t<div class=\"elementor-element elementor-element-4e04d57 e-flex e-con-boxed e-con e-parent\" data-id=\"4e04d57\" data-element_type=\"container\" data-e-type=\"container\" data-settings=\"{&quot;background_background&quot;:&quot;classic&quot;}\">\n\t\t\t\t\t<div class=\"e-con-inner\">\n\t\t\t\t\t<\/div>\n\t\t\t\t<\/div>\n\t\t<div class=\"elementor-element elementor-element-3573c59 e-flex e-con-boxed e-con e-parent\" data-id=\"3573c59\" data-element_type=\"container\" data-e-type=\"container\">\n\t\t\t\t\t<div class=\"e-con-inner\">\n\t\t\t\t<div class=\"elementor-element elementor-element-3296da3 elementor-invisible elementor-widget elementor-widget-heading\" data-id=\"3296da3\" data-element_type=\"widget\" data-e-type=\"widget\" data-settings=\"{&quot;_animation&quot;:&quot;fadeInDown&quot;}\" data-widget_type=\"heading.default\">\n\t\t\t\t\t<h2 class=\"elementor-heading-title elementor-size-default\">Nuestros servicios<\/h2>\t\t\t\t<\/div>\n\t\t\t\t\t<\/div>\n\t\t\t\t<\/div>\n\t\t<div class=\"elementor-element elementor-element-e109662 e-flex e-con-boxed e-con e-parent\" data-id=\"e109662\" data-element_type=\"container\" data-e-type=\"container\">\n\t\t\t\t\t<div class=\"e-con-inner\">\n\t\t<div class=\"elementor-element elementor-element-222f3b8 e-con-full e-flex elementor-invisible e-con e-child\" data-id=\"222f3b8\" data-element_type=\"container\" data-e-type=\"container\" data-settings=\"{&quot;animation&quot;:&quot;fadeInUp&quot;}\">\n\t\t\t\t<div class=\"elementor-element elementor-element-b5833cf elementor-widget elementor-widget-image\" data-id=\"b5833cf\" data-element_type=\"widget\" data-e-type=\"widget\" data-widget_type=\"image.default\">\n\t\t\t\t\t\t\t\t\t\t\t\t\t\t\t<img fetchpriority=\"high\" decoding=\"async\" width=\"2000\" height=\"1332\" src=\"https:\/\/construccionesammar.com\/wp-content\/uploads\/2026\/04\/10390.jpg\" class=\"attachment-full size-full wp-image-228\" alt=\"\" srcset=\"https:\/\/construccionesammar.com\/wp-content\/uploads\/2026\/04\/10390.jpg 2000w, https:\/\/construccionesammar.com\/wp-content\/uploads\/2026\/04\/10390-300x200.jpg 300w, https:\/\/construccionesammar.com\/wp-content\/uploads\/2026\/04\/10390-1024x682.jpg 1024w, https:\/\/construccionesammar.com\/wp-content\/uploads\/2026\/04\/10390-768x511.jpg 768w, https:\/\/construccionesammar.com\/wp-content\/uploads\/2026\/04\/10390-1536x1023.jpg 1536w, https:\/\/construccionesammar.com\/wp-content\/uploads\/2026\/04\/10390-18x12.jpg 18w\" sizes=\"(max-width: 2000px) 100vw, 2000px\" \/>\t\t\t\t\t\t\t\t\t\t\t\t\t\t\t<\/div>\n\t\t\t\t<div class=\"elementor-element elementor-element-9fb7311 elementor-widget elementor-widget-heading\" data-id=\"9fb7311\" data-element_type=\"widget\" data-e-type=\"widget\" data-widget_type=\"heading.default\">\n\t\t\t\t\t<h2 class=\"elementor-heading-title elementor-size-default\">Reformas y rehabilitaciones<\/h2>\t\t\t\t<\/div>\n\t\t\t\t<div class=\"elementor-element elementor-element-a7b99ec elementor-widget elementor-widget-text-editor\" data-id=\"a7b99ec\" data-element_type=\"widget\" data-e-type=\"widget\" data-widget_type=\"text-editor.default\">\n\t\t\t\t\t\t\t\t\t<p>Renovamos viviendas y locales, mejorando espacios con soluciones funcionales, seguras y acabados cuidados.<\/p>\t\t\t\t\t\t\t\t<\/div>\n\t\t\t\t<\/div>\n\t\t<div class=\"elementor-element elementor-element-09fc27a e-con-full e-flex elementor-invisible e-con e-child\" data-id=\"09fc27a\" data-element_type=\"container\" data-e-type=\"container\" data-settings=\"{&quot;animation&quot;:&quot;fadeInUp&quot;}\">\n\t\t\t\t<div class=\"elementor-element elementor-element-2ad0152 elementor-widget elementor-widget-image\" data-id=\"2ad0152\" data-element_type=\"widget\" data-e-type=\"widget\" data-widget_type=\"image.default\">\n\t\t\t\t\t\t\t\t\t\t\t\t\t\t\t<img decoding=\"async\" width=\"2000\" height=\"1333\" src=\"https:\/\/construccionesammar.com\/wp-content\/uploads\/2026\/04\/27967.jpg\" class=\"attachment-full size-full wp-image-224\" alt=\"\" srcset=\"https:\/\/construccionesammar.com\/wp-content\/uploads\/2026\/04\/27967.jpg 2000w, https:\/\/construccionesammar.com\/wp-content\/uploads\/2026\/04\/27967-300x200.jpg 300w, https:\/\/construccionesammar.com\/wp-content\/uploads\/2026\/04\/27967-1024x682.jpg 1024w, https:\/\/construccionesammar.com\/wp-content\/uploads\/2026\/04\/27967-768x512.jpg 768w, https:\/\/construccionesammar.com\/wp-content\/uploads\/2026\/04\/27967-1536x1024.jpg 1536w, https:\/\/construccionesammar.com\/wp-content\/uploads\/2026\/04\/27967-18x12.jpg 18w\" sizes=\"(max-width: 2000px) 100vw, 2000px\" \/>\t\t\t\t\t\t\t\t\t\t\t\t\t\t\t<\/div>\n\t\t\t\t<div class=\"elementor-element elementor-element-d6a03de elementor-widget elementor-widget-heading\" data-id=\"d6a03de\" data-element_type=\"widget\" data-e-type=\"widget\" data-widget_type=\"heading.default\">\n\t\t\t\t\t<h2 class=\"elementor-heading-title elementor-size-default\">Construcci\u00f3n de muros y tabiques<\/h2>\t\t\t\t<\/div>\n\t\t\t\t<div class=\"elementor-element elementor-element-0b6b39e elementor-widget elementor-widget-text-editor\" data-id=\"0b6b39e\" data-element_type=\"widget\" data-e-type=\"widget\" data-widget_type=\"text-editor.default\">\n\t\t\t\t\t\t\t\t\t<p>Construimos muros y tabiques firmes, adaptados a cada espacio con materiales duraderos y acabados seguros.<\/p>\t\t\t\t\t\t\t\t<\/div>\n\t\t\t\t<\/div>\n\t\t<div class=\"elementor-element elementor-element-37c35fa e-con-full e-flex elementor-invisible e-con e-child\" data-id=\"37c35fa\" data-element_type=\"container\" data-e-type=\"container\" data-settings=\"{&quot;animation&quot;:&quot;fadeInDown&quot;}\">\n\t\t\t\t<div class=\"elementor-element elementor-element-64b81ed elementor-widget elementor-widget-image\" data-id=\"64b81ed\" data-element_type=\"widget\" data-e-type=\"widget\" data-widget_type=\"image.default\">\n\t\t\t\t\t\t\t\t\t\t\t\t\t\t\t<img decoding=\"async\" width=\"800\" height=\"534\" src=\"https:\/\/construccionesammar.com\/wp-content\/uploads\/2026\/04\/77073-1024x684.jpg\" class=\"attachment-large size-large wp-image-232\" alt=\"\" srcset=\"https:\/\/construccionesammar.com\/wp-content\/uploads\/2026\/04\/77073-1024x684.jpg 1024w, https:\/\/construccionesammar.com\/wp-content\/uploads\/2026\/04\/77073-300x200.jpg 300w, https:\/\/construccionesammar.com\/wp-content\/uploads\/2026\/04\/77073-768x513.jpg 768w, https:\/\/construccionesammar.com\/wp-content\/uploads\/2026\/04\/77073-1536x1025.jpg 1536w, https:\/\/construccionesammar.com\/wp-content\/uploads\/2026\/04\/77073-18x12.jpg 18w, https:\/\/construccionesammar.com\/wp-content\/uploads\/2026\/04\/77073.jpg 2000w\" sizes=\"(max-width: 800px) 100vw, 800px\" \/>\t\t\t\t\t\t\t\t\t\t\t\t\t\t\t<\/div>\n\t\t\t\t<div class=\"elementor-element elementor-element-eaf1ef7 elementor-widget elementor-widget-heading\" data-id=\"eaf1ef7\" data-element_type=\"widget\" data-e-type=\"widget\" data-widget_type=\"heading.default\">\n\t\t\t\t\t<h2 class=\"elementor-heading-title elementor-size-default\">Alicatados y solados<\/h2>\t\t\t\t<\/div>\n\t\t\t\t<div class=\"elementor-element elementor-element-1e3ea52 elementor-widget elementor-widget-text-editor\" data-id=\"1e3ea52\" data-element_type=\"widget\" data-e-type=\"widget\" data-widget_type=\"text-editor.default\">\n\t\t\t\t\t\t\t\t\t<p>Colocamos azulejos y suelos con precisi\u00f3n, cuidando detalles para lograr superficies firmes y resistentes.<\/p>\t\t\t\t\t\t\t\t<\/div>\n\t\t\t\t<\/div>\n\t\t<div class=\"elementor-element elementor-element-02e5874 e-con-full e-flex elementor-invisible e-con e-child\" data-id=\"02e5874\" data-element_type=\"container\" data-e-type=\"container\" data-settings=\"{&quot;animation&quot;:&quot;fadeInDown&quot;}\">\n\t\t\t\t<div class=\"elementor-element elementor-element-0b8317e elementor-widget elementor-widget-image\" data-id=\"0b8317e\" data-element_type=\"widget\" data-e-type=\"widget\" data-widget_type=\"image.default\">\n\t\t\t\t\t\t\t\t\t\t\t\t\t\t\t<img loading=\"lazy\" decoding=\"async\" width=\"2000\" height=\"1335\" src=\"https:\/\/construccionesammar.com\/wp-content\/uploads\/2026\/04\/1463.jpg\" class=\"attachment-full size-full wp-image-234\" alt=\"\" srcset=\"https:\/\/construccionesammar.com\/wp-content\/uploads\/2026\/04\/1463.jpg 2000w, https:\/\/construccionesammar.com\/wp-content\/uploads\/2026\/04\/1463-300x200.jpg 300w, https:\/\/construccionesammar.com\/wp-content\/uploads\/2026\/04\/1463-1024x684.jpg 1024w, https:\/\/construccionesammar.com\/wp-content\/uploads\/2026\/04\/1463-768x513.jpg 768w, https:\/\/construccionesammar.com\/wp-content\/uploads\/2026\/04\/1463-1536x1025.jpg 1536w, https:\/\/construccionesammar.com\/wp-content\/uploads\/2026\/04\/1463-18x12.jpg 18w\" sizes=\"(max-width: 2000px) 100vw, 2000px\" \/>\t\t\t\t\t\t\t\t\t\t\t\t\t\t\t<\/div>\n\t\t\t\t<div class=\"elementor-element elementor-element-8ee3110 elementor-widget elementor-widget-heading\" data-id=\"8ee3110\" data-element_type=\"widget\" data-e-type=\"widget\" data-widget_type=\"heading.default\">\n\t\t\t\t\t<h2 class=\"elementor-heading-title elementor-size-default\">Reparaci\u00f3n de fachadas y grietas<\/h2>\t\t\t\t<\/div>\n\t\t\t\t<div class=\"elementor-element elementor-element-4ab1f99 elementor-widget elementor-widget-text-editor\" data-id=\"4ab1f99\" data-element_type=\"widget\" data-e-type=\"widget\" data-widget_type=\"text-editor.default\">\n\t\t\t\t\t\t\t\t\t<p>Colocamos azulejos y suelos con precisi\u00f3n, cuidando detalles para lograr superficies firmes y resistentes.<\/p>\t\t\t\t\t\t\t\t<\/div>\n\t\t\t\t<\/div>\n\t\t\t\t\t<\/div>\n\t\t\t\t<\/div>\n\t\t<div class=\"elementor-element elementor-element-46df277 e-flex e-con-boxed e-con e-parent\" data-id=\"46df277\" data-element_type=\"container\" data-e-type=\"container\" data-settings=\"{&quot;background_background&quot;:&quot;classic&quot;}\">\n\t\t\t\t\t<div class=\"e-con-inner\">\n\t\t<div class=\"elementor-element elementor-element-af6c8b7 e-con-full e-flex elementor-invisible e-con e-child\" data-id=\"af6c8b7\" data-element_type=\"container\" data-e-type=\"container\" data-settings=\"{&quot;background_background&quot;:&quot;classic&quot;,&quot;animation&quot;:&quot;fadeInUp&quot;}\">\n\t\t\t\t<div class=\"elementor-element elementor-element-8cd1e9f elementor-widget elementor-widget-heading\" data-id=\"8cd1e9f\" data-element_type=\"widget\" data-e-type=\"widget\" data-widget_type=\"heading.default\">\n\t\t\t\t\t<h2 class=\"elementor-heading-title elementor-size-default\">Estamos listos para ayudarte con tu pr\u00f3ximo proyecto de alba\u00f1iler\u00eda. <\/h2>\t\t\t\t<\/div>\n\t\t\t\t<div class=\"elementor-element elementor-element-99db89d elementor-align-center elementor-widget elementor-widget-button\" data-id=\"99db89d\" data-element_type=\"widget\" data-e-type=\"widget\" data-widget_type=\"button.default\">\n\t\t\t\t\t\t\t\t\t\t<a class=\"elementor-button elementor-button-link elementor-size-sm\" href=\"https:\/\/construccionesammar.com\/eu\/contacto\/\">\n\t\t\t\t\t\t<span class=\"elementor-button-content-wrapper\">\n\t\t\t\t\t\t\t\t\t<span class=\"elementor-button-text\">Cont\u00e1ctanos<\/span>\n\t\t\t\t\t<\/span>\n\t\t\t\t\t<\/a>\n\t\t\t\t\t\t\t\t<\/div>\n\t\t\t\t<\/div>\n\t\t\t\t\t<\/div>\n\t\t\t\t<\/div>\n\t\t\t\t<\/div>","protected":false},"excerpt":{"rendered":"<p>Nuestros servicios Reformas y rehabilitaciones Renovamos viviendas y locales, mejorando espacios con soluciones funcionales, seguras y acabados cuidados. Construcci\u00f3n de muros y tabiques Construimos muros y tabiques firmes, adaptados a cada espacio con materiales duraderos y acabados seguros. Alicatados y solados Colocamos azulejos y suelos con precisi\u00f3n, cuidando detalles para lograr superficies firmes y resistentes. [&hellip;]<\/p>\n","protected":false},"author":1,"featured_media":0,"parent":0,"menu_order":0,"comment_status":"closed","ping_status":"closed","template":"elementor_canvas","meta":{"footnotes":""},"class_list":["post-14","page","type-page","status-publish","hentry"],"yoast_head":"<!-- This site is optimized with the Yoast SEO plugin v27.5 - https:\/\/yoast.com\/product\/yoast-seo-wordpress\/ -->\n<title>Servicios - Ammar Chourabi<\/title>\n<meta name=\"robots\" content=\"index, follow, max-snippet:-1, max-image-preview:large, max-video-preview:-1\" \/>\n<link rel=\"canonical\" href=\"https:\/\/construccionesammar.com\/eu\/servicios\/\" \/>\n<meta property=\"og:locale\" content=\"en_US\" \/>\n<meta property=\"og:type\" content=\"article\" \/>\n<meta property=\"og:title\" content=\"Servicios - Ammar Chourabi\" \/>\n<meta property=\"og:description\" content=\"Nuestros servicios Reformas y rehabilitaciones Renovamos viviendas y locales, mejorando espacios con soluciones funcionales, seguras y acabados cuidados. Construcci\u00f3n de muros y tabiques Construimos muros y tabiques firmes, adaptados a cada espacio con materiales duraderos y acabados seguros. Alicatados y solados Colocamos azulejos y suelos con precisi\u00f3n, cuidando detalles para lograr superficies firmes y resistentes. [&hellip;]\" \/>\n<meta property=\"og:url\" content=\"https:\/\/construccionesammar.com\/eu\/servicios\/\" \/>\n<meta property=\"og:site_name\" content=\"Ammar Chourabi\" \/>\n<meta property=\"article:modified_time\" content=\"2026-04-27T12:38:35+00:00\" \/>\n<meta property=\"og:image\" content=\"https:\/\/construccionesammar.com\/wp-content\/uploads\/2026\/04\/10390.jpg\" \/>\n<meta name=\"twitter:card\" content=\"summary_large_image\" \/>\n<meta name=\"twitter:label1\" content=\"Est. reading time\" \/>\n\t<meta name=\"twitter:data1\" content=\"1 minutua\" \/>\n<script type=\"application\/ld+json\" class=\"yoast-schema-graph\">{\"@context\":\"https:\\\/\\\/schema.org\",\"@graph\":[{\"@type\":\"WebPage\",\"@id\":\"https:\\\/\\\/construccionesammar.com\\\/servicios\\\/\",\"url\":\"https:\\\/\\\/construccionesammar.com\\\/servicios\\\/\",\"name\":\"Servicios - Ammar Chourabi\",\"isPartOf\":{\"@id\":\"https:\\\/\\\/construccionesammar.com\\\/#website\"},\"primaryImageOfPage\":{\"@id\":\"https:\\\/\\\/construccionesammar.com\\\/servicios\\\/#primaryimage\"},\"image\":{\"@id\":\"https:\\\/\\\/construccionesammar.com\\\/servicios\\\/#primaryimage\"},\"thumbnailUrl\":\"https:\\\/\\\/construccionesammar.com\\\/wp-content\\\/uploads\\\/2026\\\/04\\\/10390.jpg\",\"datePublished\":\"2026-04-24T15:33:10+00:00\",\"dateModified\":\"2026-04-27T12:38:35+00:00\",\"breadcrumb\":{\"@id\":\"https:\\\/\\\/construccionesammar.com\\\/servicios\\\/#breadcrumb\"},\"inLanguage\":\"eu\",\"potentialAction\":[{\"@type\":\"ReadAction\",\"target\":[\"https:\\\/\\\/construccionesammar.com\\\/servicios\\\/\"]}]},{\"@type\":\"ImageObject\",\"inLanguage\":\"eu\",\"@id\":\"https:\\\/\\\/construccionesammar.com\\\/servicios\\\/#primaryimage\",\"url\":\"https:\\\/\\\/construccionesammar.com\\\/wp-content\\\/uploads\\\/2026\\\/04\\\/10390.jpg\",\"contentUrl\":\"https:\\\/\\\/construccionesammar.com\\\/wp-content\\\/uploads\\\/2026\\\/04\\\/10390.jpg\"},{\"@type\":\"BreadcrumbList\",\"@id\":\"https:\\\/\\\/construccionesammar.com\\\/servicios\\\/#breadcrumb\",\"itemListElement\":[{\"@type\":\"ListItem\",\"position\":1,\"name\":\"Portada\",\"item\":\"https:\\\/\\\/construccionesammar.com\\\/\"},{\"@type\":\"ListItem\",\"position\":2,\"name\":\"Servicios\"}]},{\"@type\":\"WebSite\",\"@id\":\"https:\\\/\\\/construccionesammar.com\\\/#website\",\"url\":\"https:\\\/\\\/construccionesammar.com\\\/\",\"name\":\"Ammar Chourabi\",\"description\":\"\",\"publisher\":{\"@id\":\"https:\\\/\\\/construccionesammar.com\\\/#organization\"},\"potentialAction\":[{\"@type\":\"SearchAction\",\"target\":{\"@type\":\"EntryPoint\",\"urlTemplate\":\"https:\\\/\\\/construccionesammar.com\\\/?s={search_term_string}\"},\"query-input\":{\"@type\":\"PropertyValueSpecification\",\"valueRequired\":true,\"valueName\":\"search_term_string\"}}],\"inLanguage\":\"eu\"},{\"@type\":\"Organization\",\"@id\":\"https:\\\/\\\/construccionesammar.com\\\/#organization\",\"name\":\"Ammar Chourabi\",\"url\":\"https:\\\/\\\/construccionesammar.com\\\/\",\"logo\":{\"@type\":\"ImageObject\",\"inLanguage\":\"eu\",\"@id\":\"https:\\\/\\\/construccionesammar.com\\\/#\\\/schema\\\/logo\\\/image\\\/\",\"url\":\"https:\\\/\\\/construccionesammar.com\\\/wp-content\\\/uploads\\\/2026\\\/04\\\/ammarchourabi202603_logo_web-scaled.png\",\"contentUrl\":\"https:\\\/\\\/construccionesammar.com\\\/wp-content\\\/uploads\\\/2026\\\/04\\\/ammarchourabi202603_logo_web-scaled.png\",\"width\":2560,\"height\":1095,\"caption\":\"Ammar Chourabi\"},\"image\":{\"@id\":\"https:\\\/\\\/construccionesammar.com\\\/#\\\/schema\\\/logo\\\/image\\\/\"}}]}<\/script>\n<!-- \/ Yoast SEO plugin. -->","yoast_head_json":{"title":"Servicios - Ammar Chourabi","robots":{"index":"index","follow":"follow","max-snippet":"max-snippet:-1","max-image-preview":"max-image-preview:large","max-video-preview":"max-video-preview:-1"},"canonical":"https:\/\/construccionesammar.com\/eu\/servicios\/","og_locale":"en_US","og_type":"article","og_title":"Servicios - Ammar Chourabi","og_description":"Nuestros servicios Reformas y rehabilitaciones Renovamos viviendas y locales, mejorando espacios con soluciones funcionales, seguras y acabados cuidados. Construcci\u00f3n de muros y tabiques Construimos muros y tabiques firmes, adaptados a cada espacio con materiales duraderos y acabados seguros. Alicatados y solados Colocamos azulejos y suelos con precisi\u00f3n, cuidando detalles para lograr superficies firmes y resistentes. [&hellip;]","og_url":"https:\/\/construccionesammar.com\/eu\/servicios\/","og_site_name":"Ammar Chourabi","article_modified_time":"2026-04-27T12:38:35+00:00","og_image":[{"url":"https:\/\/construccionesammar.com\/wp-content\/uploads\/2026\/04\/10390.jpg","type":"","width":"","height":""}],"twitter_card":"summary_large_image","twitter_misc":{"Est. reading time":"1 minutua"},"schema":{"@context":"https:\/\/schema.org","@graph":[{"@type":"WebPage","@id":"https:\/\/construccionesammar.com\/servicios\/","url":"https:\/\/construccionesammar.com\/servicios\/","name":"Servicios - Ammar Chourabi","isPartOf":{"@id":"https:\/\/construccionesammar.com\/#website"},"primaryImageOfPage":{"@id":"https:\/\/construccionesammar.com\/servicios\/#primaryimage"},"image":{"@id":"https:\/\/construccionesammar.com\/servicios\/#primaryimage"},"thumbnailUrl":"https:\/\/construccionesammar.com\/wp-content\/uploads\/2026\/04\/10390.jpg","datePublished":"2026-04-24T15:33:10+00:00","dateModified":"2026-04-27T12:38:35+00:00","breadcrumb":{"@id":"https:\/\/construccionesammar.com\/servicios\/#breadcrumb"},"inLanguage":"eu","potentialAction":[{"@type":"ReadAction","target":["https:\/\/construccionesammar.com\/servicios\/"]}]},{"@type":"ImageObject","inLanguage":"eu","@id":"https:\/\/construccionesammar.com\/servicios\/#primaryimage","url":"https:\/\/construccionesammar.com\/wp-content\/uploads\/2026\/04\/10390.jpg","contentUrl":"https:\/\/construccionesammar.com\/wp-content\/uploads\/2026\/04\/10390.jpg"},{"@type":"BreadcrumbList","@id":"https:\/\/construccionesammar.com\/servicios\/#breadcrumb","itemListElement":[{"@type":"ListItem","position":1,"name":"Portada","item":"https:\/\/construccionesammar.com\/"},{"@type":"ListItem","position":2,"name":"Servicios"}]},{"@type":"WebSite","@id":"https:\/\/construccionesammar.com\/#website","url":"https:\/\/construccionesammar.com\/","name":"Ammar Chourabi","description":"","publisher":{"@id":"https:\/\/construccionesammar.com\/#organization"},"potentialAction":[{"@type":"SearchAction","target":{"@type":"EntryPoint","urlTemplate":"https:\/\/construccionesammar.com\/?s={search_term_string}"},"query-input":{"@type":"PropertyValueSpecification","valueRequired":true,"valueName":"search_term_string"}}],"inLanguage":"eu"},{"@type":"Organization","@id":"https:\/\/construccionesammar.com\/#organization","name":"Ammar Chourabi","url":"https:\/\/construccionesammar.com\/","logo":{"@type":"ImageObject","inLanguage":"eu","@id":"https:\/\/construccionesammar.com\/#\/schema\/logo\/image\/","url":"https:\/\/construccionesammar.com\/wp-content\/uploads\/2026\/04\/ammarchourabi202603_logo_web-scaled.png","contentUrl":"https:\/\/construccionesammar.com\/wp-content\/uploads\/2026\/04\/ammarchourabi202603_logo_web-scaled.png","width":2560,"height":1095,"caption":"Ammar Chourabi"},"image":{"@id":"https:\/\/construccionesammar.com\/#\/schema\/logo\/image\/"}}]}},"_links":{"self":[{"href":"https:\/\/construccionesammar.com\/eu\/wp-json\/wp\/v2\/pages\/14","targetHints":{"allow":["GET"]}}],"collection":[{"href":"https:\/\/construccionesammar.com\/eu\/wp-json\/wp\/v2\/pages"}],"about":[{"href":"https:\/\/construccionesammar.com\/eu\/wp-json\/wp\/v2\/types\/page"}],"author":[{"embeddable":true,"href":"https:\/\/construccionesammar.com\/eu\/wp-json\/wp\/v2\/users\/1"}],"replies":[{"embeddable":true,"href":"https:\/\/construccionesammar.com\/eu\/wp-json\/wp\/v2\/comments?post=14"}],"version-history":[{"count":115,"href":"https:\/\/construccionesammar.com\/eu\/wp-json\/wp\/v2\/pages\/14\/revisions"}],"predecessor-version":[{"id":419,"href":"https:\/\/construccionesammar.com\/eu\/wp-json\/wp\/v2\/pages\/14\/revisions\/419"}],"wp:attachment":[{"href":"https:\/\/construccionesammar.com\/eu\/wp-json\/wp\/v2\/media?parent=14"}],"curies":[{"name":"wp","href":"https:\/\/api.w.org\/{rel}","templated":true}]}}